{"id":436,"date":"2021-01-02T04:15:32","date_gmt":"2021-01-02T04:15:32","guid":{"rendered":"https:\/\/nyjaavalon.is\/?page_id=436"},"modified":"2021-05-06T11:07:03","modified_gmt":"2021-05-06T11:07:03","slug":"adild-ad-trufelagi","status":"publish","type":"page","link":"https:\/\/nyjaavalon.is\/en\/adild-ad-trufelagi\/","title":{"rendered":"A\u00f0ild a\u00f0 tr\u00faf\u00e9lagi"},"content":{"rendered":"<h2>A\u00f0ild a\u00f0 tr\u00faf\u00e9lagi<\/h2>\n<p>Kirkja hins upprisna l\u00edfs f\u00e9kk opinbera skr\u00e1ningu sem tr\u00faf\u00e9lag 8. okt\u00f3ber 2009 og starfar eftir l\u00f6gum um skr\u00e1\u00f0 tr\u00faf\u00e9l\u00f6g. Forst\u00f6\u00f0uma\u00f0ur kirkjunnar er Eldey Huld J\u00f3nsd\u00f3ttir. Hver sem er getur skr\u00e1\u00f0 sig \u00ed Kirkju hins upprisna l\u00edfs hj\u00e1 \u00dej\u00f3\u00f0skr\u00e1 og hvetjum vi\u00f0 alla sem vilja sty\u00f0ja vi\u00f0 starfsemi hennar a\u00f0 skr\u00e1 sig \u00e1 sl\u00f3\u00f0inni <a class=\"external\" href=\"https:\/\/www.skra.is\/umsoknir\/rafraen-skil\/tru-og-lifsskodunarfelag\/\" target=\"_blank\" rel=\"noopener\">h\u00e9r<\/a>.<\/p>\n<p>Grei\u00f0slur berast \u00fe\u00e1 fr\u00e1 r\u00edkissj\u00f3\u00f0i til mi\u00f0st\u00f6\u00f0varinnar samkv\u00e6mt l\u00f6gum nr. 91\/1987 um s\u00f3knargj\u00f6ld o.fl.<\/p>\n","protected":false},"excerpt":{"rendered":"<p>A\u00f0ild a\u00f0 tr\u00faf\u00e9lagi Kirkja hins upprisna l\u00edfs f\u00e9kk opinbera skr\u00e1ningu sem tr\u00faf\u00e9lag 8. okt\u00f3ber 2009 og starfar eftir l\u00f6gum um skr\u00e1\u00f0 tr\u00faf\u00e9l\u00f6g. Forst\u00f6\u00f0uma\u00f0ur kirkjunnar er Eldey Huld J\u00f3nsd\u00f3ttir. Hver sem&#8230;<\/p>\n","protected":false},"author":2,"featured_media":0,"parent":0,"menu_order":0,"comment_status":"closed","ping_status":"closed","template":"","meta":{"footnotes":""},"class_list":["post-436","page","type-page","status-publish"],"_links":{"self":[{"href":"https:\/\/nyjaavalon.is\/en\/wp-json\/wp\/v2\/pages\/436","targetHints":{"allow":["GET"]}}],"collection":[{"href":"https:\/\/nyjaavalon.is\/en\/wp-json\/wp\/v2\/pages"}],"about":[{"href":"https:\/\/nyjaavalon.is\/en\/wp-json\/wp\/v2\/types\/page"}],"author":[{"embeddable":true,"href":"https:\/\/nyjaavalon.is\/en\/wp-json\/wp\/v2\/users\/2"}],"replies":[{"embeddable":true,"href":"https:\/\/nyjaavalon.is\/en\/wp-json\/wp\/v2\/comments?post=436"}],"version-history":[{"count":3,"href":"https:\/\/nyjaavalon.is\/en\/wp-json\/wp\/v2\/pages\/436\/revisions"}],"predecessor-version":[{"id":1357,"href":"https:\/\/nyjaavalon.is\/en\/wp-json\/wp\/v2\/pages\/436\/revisions\/1357"}],"wp:attachment":[{"href":"https:\/\/nyjaavalon.is\/en\/wp-json\/wp\/v2\/media?parent=436"}],"curies":[{"name":"wp","href":"https:\/\/api.w.org\/{rel}","templated":true}]}}