{"id":430,"date":"2021-01-02T04:15:32","date_gmt":"2021-01-02T04:15:32","guid":{"rendered":"https:\/\/nyjaavalon.is\/?page_id=430"},"modified":"2025-08-18T23:40:55","modified_gmt":"2025-08-18T23:40:55","slug":"gerast-styrktaradili","status":"publish","type":"page","link":"https:\/\/nyjaavalon.is\/en\/gerast-styrktaradili\/","title":{"rendered":"Gerast styrktara\u00f0ili"},"content":{"rendered":"[vc_row type=&#8221;in_container&#8221; full_screen_row_position=&#8221;middle&#8221; column_margin=&#8221;default&#8221; column_direction=&#8221;default&#8221; column_direction_tablet=&#8221;default&#8221; column_direction_phone=&#8221;default&#8221; scene_position=&#8221;center&#8221; text_color=&#8221;dark&#8221; text_align=&#8221;left&#8221; row_border_radius=&#8221;none&#8221; row_border_radius_applies=&#8221;bg&#8221; overflow=&#8221;visible&#8221; overlay_strength=&#8221;0.3&#8243; gradient_direction=&#8221;left_to_right&#8221; shape_divider_position=&#8221;bottom&#8221; bg_image_animation=&#8221;none&#8221;][vc_column column_padding=&#8221;no-extra-padding&#8221; column_padding_tablet=&#8221;inherit&#8221; column_padding_phone=&#8221;inherit&#8221; column_padding_position=&#8221;all&#8221; column_element_direction_desktop=&#8221;default&#8221; column_element_spacing=&#8221;default&#8221; desktop_text_alignment=&#8221;default&#8221; tablet_text_alignment=&#8221;default&#8221; phone_text_alignment=&#8221;default&#8221; background_color_opacity=&#8221;1&#8243; background_hover_color_opacity=&#8221;1&#8243; column_backdrop_filter=&#8221;none&#8221; column_shadow=&#8221;none&#8221; column_border_radius=&#8221;none&#8221; column_link_target=&#8221;_self&#8221; column_position=&#8221;default&#8221; gradient_direction=&#8221;left_to_right&#8221; overlay_strength=&#8221;0.3&#8243; width=&#8221;1\/1&#8243; tablet_width_inherit=&#8221;default&#8221; animation_type=&#8221;default&#8221; bg_image_animation=&#8221;none&#8221; border_type=&#8221;simple&#8221; column_border_width=&#8221;none&#8221; column_border_style=&#8221;solid&#8221;][vc_column_text css=&#8221;&#8221; text_direction=&#8221;default&#8221;]\n<h2>Gerast styrktara\u00f0ili<\/h2>\n<p>N\u00fdja Avalon mi\u00f0st\u00f6\u00f0in er rekin me\u00f0 frj\u00e1lsum fj\u00e1rframl\u00f6gum. Mi\u00f0st\u00f6\u00f0in er enn fremur rekin \u00e1n hagna\u00f0ar og \u00f6ll vinna \u00fear er unnin \u00ed sj\u00e1lfbo\u00f0avinnu.<br \/>\nMe\u00f0 \u00fev\u00ed a\u00f0 gerast Vinur \u00ed Hjartafl\u00e6\u00f0i styrkir \u00fe\u00fa rekstur mi\u00f0st\u00f6\u00f0varinnar me\u00f0 grei\u00f0slu \u00e1rgjalds sem er kr. 6.500 og grei\u00f0ist \u00ed mars \u00e1r hvert.<br \/>\n\u00dea\u00f0 a\u00f0 vera Vinur skuldbindur \u00feig \u00e1 engan annan h\u00e1tt en a\u00f0 styrkja starf mi\u00f0st\u00f6\u00f0varinnar me\u00f0 fj\u00e1rframlagi sem nemur ofangreindu \u00e1rgjaldi.<br \/>\nVi\u00f0 hvetjum ykkur sem vilji\u00f0 sty\u00f0ja vi\u00f0 og vi\u00f0halda starfsemi mi\u00f0st\u00f6\u00f0varinnar a\u00f0 gerast Vinir \u00ed Hjartafl\u00e6\u00f0i, e\u00f0a me\u00f0 \u00f6\u00f0rum h\u00e6tti sty\u00f0ja vi\u00f0 starf mi\u00f0st\u00f6\u00f0varinnar me\u00f0 fj\u00e1rframlagi.<br \/>\n\u00c1 dagskr\u00e1rli\u00f0um tekur kaffikr\u00fasin okkar einnig vi\u00f0 sm\u00e6rri fj\u00e1rframl\u00f6gum.<br \/>\n\u00de\u00e1 m\u00e1 nefna a\u00f0 \u00feau sem skr\u00e1 sig \u00ed l\u00edfsko\u00f0unarf\u00e9lagi\u00f0 N\u00fdja Avalon mi\u00f0st\u00f6\u00f0in hj\u00e1 \u00dej\u00f3\u00f0skr\u00e1, sl\u00f3\u00f0in er <a href=\"https:\/\/www.skra.is\/umsoknir\/rafraen-skil\/tru-og-lifsskodunarfelag\/\">h\u00e9r<\/a>, styrkja einnig starfsemi mi\u00f0st\u00f6\u00f0varinnar \u00fev\u00ed r\u00edki\u00f0 grei\u00f0ir s\u00f3knargjald vi\u00f0komandi til mi\u00f0st\u00f6\u00f0varinnar.<\/p>\n<p>\u00d3skir \u00fe\u00fa a\u00f0 gerast Vinur e\u00f0a vilt frekari uppl\u00fdsingar sendu p\u00f3st \u00e1 info@nyjaavalon.is[\/vc_column_text][\/vc_column][\/vc_row]\n","protected":false},"excerpt":{"rendered":"<p>[vc_row type=&#8221;in_container&#8221; full_screen_row_position=&#8221;middle&#8221; column_margin=&#8221;default&#8221; column_direction=&#8221;default&#8221; column_direction_tablet=&#8221;default&#8221; column_direction_phone=&#8221;default&#8221; scene_position=&#8221;center&#8221; text_color=&#8221;dark&#8221; text_align=&#8221;left&#8221; row_border_radius=&#8221;none&#8221; row_border_radius_applies=&#8221;bg&#8221; overflow=&#8221;visible&#8221; overlay_strength=&#8221;0.3&#8243; gradient_direction=&#8221;left_to_right&#8221; shape_divider_position=&#8221;bottom&#8221; bg_image_animation=&#8221;none&#8221;][vc_column column_padding=&#8221;no-extra-padding&#8221; column_padding_tablet=&#8221;inherit&#8221; column_padding_phone=&#8221;inherit&#8221; column_padding_position=&#8221;all&#8221; column_element_direction_desktop=&#8221;default&#8221; column_element_spacing=&#8221;default&#8221; desktop_text_alignment=&#8221;default&#8221; tablet_text_alignment=&#8221;default&#8221; phone_text_alignment=&#8221;default&#8221; background_color_opacity=&#8221;1&#8243; background_hover_color_opacity=&#8221;1&#8243; column_backdrop_filter=&#8221;none&#8221; column_shadow=&#8221;none&#8221;&#8230;<\/p>\n","protected":false},"author":2,"featured_media":0,"parent":0,"menu_order":0,"comment_status":"closed","ping_status":"closed","template":"","meta":{"footnotes":""},"class_list":["post-430","page","type-page","status-publish"],"_links":{"self":[{"href":"https:\/\/nyjaavalon.is\/en\/wp-json\/wp\/v2\/pages\/430","targetHints":{"allow":["GET"]}}],"collection":[{"href":"https:\/\/nyjaavalon.is\/en\/wp-json\/wp\/v2\/pages"}],"about":[{"href":"https:\/\/nyjaavalon.is\/en\/wp-json\/wp\/v2\/types\/page"}],"author":[{"embeddable":true,"href":"https:\/\/nyjaavalon.is\/en\/wp-json\/wp\/v2\/users\/2"}],"replies":[{"embeddable":true,"href":"https:\/\/nyjaavalon.is\/en\/wp-json\/wp\/v2\/comments?post=430"}],"version-history":[{"count":3,"href":"https:\/\/nyjaavalon.is\/en\/wp-json\/wp\/v2\/pages\/430\/revisions"}],"predecessor-version":[{"id":1980,"href":"https:\/\/nyjaavalon.is\/en\/wp-json\/wp\/v2\/pages\/430\/revisions\/1980"}],"wp:attachment":[{"href":"https:\/\/nyjaavalon.is\/en\/wp-json\/wp\/v2\/media?parent=430"}],"curies":[{"name":"wp","href":"https:\/\/api.w.org\/{rel}","templated":true}]}}