{"id":429,"date":"2021-01-02T04:15:32","date_gmt":"2021-01-02T04:15:32","guid":{"rendered":"https:\/\/nyjaavalon.is\/?page_id=429"},"modified":"2021-04-16T01:43:11","modified_gmt":"2021-04-16T01:43:11","slug":"adild-ad-lifsskodunarfelagi","status":"publish","type":"page","link":"https:\/\/nyjaavalon.is\/en\/adild-ad-lifsskodunarfelagi\/","title":{"rendered":"A\u00f0ild a\u00f0 l\u00edfssko\u00f0unarf\u00e9lagi"},"content":{"rendered":"<h2>A\u00f0ild a\u00f0 l\u00edfssko\u00f0unarf\u00e9lagi<\/h2>\n<p>N\u00fdja Avalon mi\u00f0st\u00f6\u00f0in f\u00e9kk opinbera skr\u00e1ningu sem l\u00edfssko\u00f0unarf\u00e9lag \u00ed jan\u00faar 2015. Mi\u00f0st\u00f6\u00f0in starfar \u00fev\u00ed eftir l\u00f6gum um skr\u00e1\u00f0 l\u00edfssko\u00f0unarf\u00e9l\u00f6g. Forst\u00f6\u00f0uma\u00f0ur N\u00fdju Avalon mi\u00f0st\u00f6\u00f0varinnar er Eldey Huld J\u00f3nsd\u00f3ttir. Hver sem er getur skr\u00e1\u00f0 sig \u00ed N\u00fdju Avalon mi\u00f0st\u00f6\u00f0ina hj\u00e1 \u00dej\u00f3\u00f0skr\u00e1 og hvetjum vi\u00f0 alla sem vilja sty\u00f0ja vi\u00f0 starfsemi mi\u00f0st\u00f6\u00f0varinnar a\u00f0 skr\u00e1 sig \u00e1 sl\u00f3\u00f0inni <a href=\"https:\/\/www.skra.is\/umsoknir\/rafraen-skil\/tru-og-lifsskodunarfelag\/\" class=\"external\" target=\"_blank\" rel=\"noopener\">h\u00e9r\u00a0<\/a><\/p>\n<p>Grei\u00f0slur berast \u00fe\u00e1 fr\u00e1 r\u00edkissj\u00f3\u00f0i til mi\u00f0st\u00f6\u00f0varinnar samkv\u00e6mt l\u00f6gum nr. 91\/1987 um s\u00f3knargj\u00f6ld o.fl.\u00a0<\/p>\n","protected":false},"excerpt":{"rendered":"<p>A\u00f0ild a\u00f0 l\u00edfssko\u00f0unarf\u00e9lagi N\u00fdja Avalon mi\u00f0st\u00f6\u00f0in f\u00e9kk opinbera skr\u00e1ningu sem l\u00edfssko\u00f0unarf\u00e9lag \u00ed jan\u00faar 2015. Mi\u00f0st\u00f6\u00f0in starfar \u00fev\u00ed eftir l\u00f6gum um skr\u00e1\u00f0 l\u00edfssko\u00f0unarf\u00e9l\u00f6g. Forst\u00f6\u00f0uma\u00f0ur N\u00fdju Avalon mi\u00f0st\u00f6\u00f0varinnar er Eldey Huld J\u00f3nsd\u00f3ttir&#8230;.<\/p>\n","protected":false},"author":2,"featured_media":0,"parent":0,"menu_order":0,"comment_status":"closed","ping_status":"closed","template":"","meta":{"footnotes":""},"class_list":["post-429","page","type-page","status-publish"],"_links":{"self":[{"href":"https:\/\/nyjaavalon.is\/en\/wp-json\/wp\/v2\/pages\/429","targetHints":{"allow":["GET"]}}],"collection":[{"href":"https:\/\/nyjaavalon.is\/en\/wp-json\/wp\/v2\/pages"}],"about":[{"href":"https:\/\/nyjaavalon.is\/en\/wp-json\/wp\/v2\/types\/page"}],"author":[{"embeddable":true,"href":"https:\/\/nyjaavalon.is\/en\/wp-json\/wp\/v2\/users\/2"}],"replies":[{"embeddable":true,"href":"https:\/\/nyjaavalon.is\/en\/wp-json\/wp\/v2\/comments?post=429"}],"version-history":[{"count":1,"href":"https:\/\/nyjaavalon.is\/en\/wp-json\/wp\/v2\/pages\/429\/revisions"}],"predecessor-version":[{"id":1121,"href":"https:\/\/nyjaavalon.is\/en\/wp-json\/wp\/v2\/pages\/429\/revisions\/1121"}],"wp:attachment":[{"href":"https:\/\/nyjaavalon.is\/en\/wp-json\/wp\/v2\/media?parent=429"}],"curies":[{"name":"wp","href":"https:\/\/api.w.org\/{rel}","templated":true}]}}