{"id":1811,"date":"2021-10-26T14:08:00","date_gmt":"2021-10-26T14:08:00","guid":{"rendered":"https:\/\/nyjaavalon.is\/?page_id=1811"},"modified":"2021-10-26T14:08:01","modified_gmt":"2021-10-26T14:08:01","slug":"personuverndaryfirlysing","status":"publish","type":"page","link":"https:\/\/nyjaavalon.is\/en\/personuverndaryfirlysing\/","title":{"rendered":"Pers\u00f3nuverndaryfirl\u00fdsing &#8211; N\u00fdja Avalon mi\u00f0st\u00f6\u00f0in"},"content":{"rendered":"\n<h1 class=\"wp-block-heading\">Pers\u00f3nuverndaryfirl\u00fdsing &#8211; N\u00fdja Avalon mi\u00f0st\u00f6\u00f0in<\/h1>\n\n\n\n<p>Me\u00f0 pers\u00f3nuverndaryfirl\u00fdsingu \u00feessari er greint fr\u00e1 \u00fev\u00ed hvernig N\u00fdja Avalon mi\u00f0st\u00f6\u00f0in kt. 621087-1429, Hverfisg\u00f6tu 105, 101 Reykjav\u00edk stendur a\u00f0 vinnslu, s.s. s\u00f6fnun, skr\u00e1ningu og vistun pers\u00f3nu-greinanlegra uppl\u00fdsinga um einstaklinga. Yfirl\u00fdsingin fjallar einkum um vinnslu pers\u00f3nuuppl\u00fdsinga um einstaklinga sem heims\u00e6kja vefs\u00ed\u00f0u N\u00fdju Avalon mi\u00f0st\u00f6\u00f0varinnar <a href=\"http:\/\/www.nyjaavalon.is\/\">www.nyjaavalon.is<\/a>.<\/p>\n\n\n\n<p>N\u00fdja Avalon mi\u00f0st\u00f6\u00f0in vinnur pers\u00f3nuuppl\u00fdsingar \u00ed samr\u00e6mi vi\u00f0 gildandi pers\u00f3nuverndarl\u00f6ggj\u00f6f \u00e1 \u00cdslandi \u00e1 hverjum t\u00edma.<\/p>\n\n\n\n<p><strong>Pers\u00f3nuvernd er N\u00fdju Avalon mi\u00f0st\u00f6\u00f0inni mikilv\u00e6g<\/strong><\/p>\n\n\n\n<p>\u00d6flug pers\u00f3nuvernd er N\u00fdju Avalon mi\u00f0st\u00f6\u00f0inni kappsm\u00e1l og leggjum vi\u00f0 \u00e1herslu \u00e1 a\u00f0 vir\u00f0a r\u00e9ttindi einstaklinga og a\u00f0 \u00f6ll me\u00f0fer\u00f0 pers\u00f3nuuppl\u00fdsinga s\u00e9 \u00e1vallt \u00ed samr\u00e6mi vi\u00f0 gildandi regluverk og bestu venjur \u00e1 hverjum t\u00edma.<\/p>\n\n\n\n<p><strong>Hva\u00f0a pers\u00f3nuuppl\u00fdsingum safnar N\u00fdja Avalon mi\u00f0st\u00f6\u00f0in um \u00feig og hver er tilgangurinn me\u00f0 s\u00f6fnuninni?<\/strong><\/p>\n\n\n\n<p>N\u00fdja Avalon mi\u00f0st\u00f6\u00f0in leggur \u00e1herslu \u00e1 a\u00f0 vinna einungis \u00fe\u00e6r pers\u00f3nuuppl\u00fdsingar sem nau\u00f0synlegar eru \u00ed samr\u00e6mi vi\u00f0 \u00feann tilgang sem liggur a\u00f0 baki s\u00f6fnun uppl\u00fdsinganna. N\u00fdja Avalon mi\u00f0st\u00f6\u00f0in vinnur pers\u00f3nuuppl\u00fdsingar ekki frekar \u00ed \u00f3skyldum tilgangi nema einstaklingi s\u00e9 tilkynnt um sl\u00edkt og \u00fe\u00e1 heimild sem vinnslan byggist \u00e1.<\/p>\n\n\n\n<p><em>N\u00fdja Avalon mi\u00f0st\u00f6\u00f0in safnar eftirfarandi pers\u00f3nuuppl\u00fdsingum ef fyrirspurn er send \u00e1 N\u00fdju Avalon:<\/em><\/p>\n\n\n\n<ul class=\"wp-block-list\"><li>Au\u00f0kennis- og samskiptauppl\u00fdsingum: Nafn, netfang og s\u00edman\u00famer.<\/li><\/ul>\n\n\n\n<p><em>N\u00fdja Avalon mi\u00f0st\u00f6\u00f0in vinnur pers\u00f3nuuppl\u00fdsingar einkum \u00ed \u00feeim tilgangi a\u00f0:<\/em><\/p>\n\n\n\n<ul class=\"wp-block-list\"><li>Breg\u00f0ast vi\u00f0 fyrirspurnum.<\/li><\/ul>\n\n\n\n<p><strong>Yfirfer\u00f0 og endursko\u00f0un pers\u00f3nuverndaryfirl\u00fdsingar N\u00fdju Avalon mi\u00f0st\u00f6\u00f0varinnar<\/strong><\/p>\n\n\n\n<p>Pers\u00f3nuverndaryfirl\u00fdsing N\u00fdju Avalon mi\u00f0st\u00f6\u00f0varinnar er endursko\u00f0u\u00f0 reglulega og uppf\u00e6r\u00f0 \u00feegar \u00feess \u00fearf. S\u00ed\u00f0asta uppf\u00e6rsla var 6. okt\u00f3ber 2021.<\/p>\n\n\n\n<p><strong>Haf\u00f0u samband<\/strong><\/p>\n\n\n\n<p>Ef \u00fe\u00fa hefur frekari fyrirspurn haf\u00f0u samband \u00e1 <a href=\"mailto:info@nyjaavalon.is\">info@nyjaavalon.is<\/a><\/p>\n","protected":false},"excerpt":{"rendered":"<p>Pers\u00f3nuverndaryfirl\u00fdsing &#8211; N\u00fdja Avalon mi\u00f0st\u00f6\u00f0in Me\u00f0 pers\u00f3nuverndaryfirl\u00fdsingu \u00feessari er greint fr\u00e1 \u00fev\u00ed hvernig N\u00fdja Avalon mi\u00f0st\u00f6\u00f0in kt. 621087-1429, Hverfisg\u00f6tu 105, 101 Reykjav\u00edk stendur a\u00f0 vinnslu, s.s. s\u00f6fnun, skr\u00e1ningu og vistun&#8230;<\/p>\n","protected":false},"author":1,"featured_media":0,"parent":0,"menu_order":0,"comment_status":"closed","ping_status":"closed","template":"","meta":{"footnotes":""},"class_list":["post-1811","page","type-page","status-publish"],"_links":{"self":[{"href":"https:\/\/nyjaavalon.is\/en\/wp-json\/wp\/v2\/pages\/1811","targetHints":{"allow":["GET"]}}],"collection":[{"href":"https:\/\/nyjaavalon.is\/en\/wp-json\/wp\/v2\/pages"}],"about":[{"href":"https:\/\/nyjaavalon.is\/en\/wp-json\/wp\/v2\/types\/page"}],"author":[{"embeddable":true,"href":"https:\/\/nyjaavalon.is\/en\/wp-json\/wp\/v2\/users\/1"}],"replies":[{"embeddable":true,"href":"https:\/\/nyjaavalon.is\/en\/wp-json\/wp\/v2\/comments?post=1811"}],"version-history":[{"count":3,"href":"https:\/\/nyjaavalon.is\/en\/wp-json\/wp\/v2\/pages\/1811\/revisions"}],"predecessor-version":[{"id":1814,"href":"https:\/\/nyjaavalon.is\/en\/wp-json\/wp\/v2\/pages\/1811\/revisions\/1814"}],"wp:attachment":[{"href":"https:\/\/nyjaavalon.is\/en\/wp-json\/wp\/v2\/media?parent=1811"}],"curies":[{"name":"wp","href":"https:\/\/api.w.org\/{rel}","templated":true}]}}